{"id":1102,"date":"2020-11-18T10:17:20","date_gmt":"2020-11-18T10:17:20","guid":{"rendered":"https:\/\/www.alpsdentalclinic.com\/?page_id=1102"},"modified":"2022-08-11T10:57:36","modified_gmt":"2022-08-11T10:57:36","slug":"takimimiz","status":"publish","type":"page","link":"https:\/\/www.alpsdentalclinic.com\/index.php\/takimimiz\/","title":{"rendered":"Our Team"},"content":{"rendered":"\t\t<div data-elementor-type=\"wp-page\" data-elementor-id=\"1102\" class=\"elementor elementor-1102\" data-elementor-settings=\"[]\">\n\t\t\t<div class=\"elementor-inner\">\n\t\t\t\t<div class=\"elementor-section-wrap\">\n\t\t\t\t\t\t\t<section class=\"elementor-element elementor-element-8e95f48 elementor-section-boxed elementor-section-height-default elementor-section-height-default elementor-section elementor-top-section\" data-id=\"8e95f48\" data-element_type=\"section\">\n\t\t\t\t\t\t<div class=\"elementor-container elementor-column-gap-thegem\">\n\t\t\t\t<div class=\"elementor-row\">\n\t\t\t\t<div class=\"elementor-element elementor-element-e81eae7 elementor-column elementor-col-100 elementor-top-column\" data-id=\"e81eae7\" data-element_type=\"column\">\n\t\t\t<div class=\"elementor-column-wrap\">\n\t\t\t\t\t<div class=\"elementor-widget-wrap\">\n\t\t\t\t\t\t<\/div>\n\t\t\t<\/div>\n\t\t<\/div>\n\t\t\t\t\t\t<\/div>\n\t\t\t<\/div>\n\t\t<\/section>\n\t\t\t\t<section class=\"elementor-element elementor-element-3558aba elementor-section-boxed elementor-section-height-default elementor-section-height-default elementor-section elementor-top-section\" data-id=\"3558aba\" data-element_type=\"section\">\n\t\t\t\t\t\t<div class=\"elementor-container elementor-column-gap-thegem\">\n\t\t\t\t<div class=\"elementor-row\">\n\t\t\t\t<div class=\"elementor-element elementor-element-6deffaa elementor-column elementor-col-100 elementor-top-column\" data-id=\"6deffaa\" data-element_type=\"column\">\n\t\t\t<div class=\"elementor-column-wrap  elementor-element-populated\">\n\t\t\t\t\t<div class=\"elementor-widget-wrap\">\n\t\t\t\t<div class=\"elementor-element elementor-element-f96a2de elementor-widget elementor-widget-heading\" data-id=\"f96a2de\" data-element_type=\"widget\" data-widget_type=\"heading.default\">\n\t\t\t\t<div class=\"elementor-widget-container\">\n\t\t\t<h2 class=\"elementor-heading-title elementor-size-default\">MAIN BRANCH<\/h2>\t\t<\/div>\n\t\t\t\t<\/div>\n\t\t\t\t<div class=\"elementor-element elementor-element-8aac3eb elementor-widget elementor-widget-thegem-team\" data-id=\"8aac3eb\" data-element_type=\"widget\" data-settings=\"{&quot;columns&quot;:&quot;2&quot;,&quot;content_elems_descript&quot;:&quot;yes&quot;,&quot;content_team_cat&quot;:[&quot;alps&quot;],&quot;thegem_elementor_preset&quot;:&quot;1&quot;,&quot;columns_tablet&quot;:2,&quot;columns_mobile&quot;:1,&quot;items_count&quot;:-1,&quot;content_elems_img&quot;:&quot;yes&quot;,&quot;content_elems_name&quot;:&quot;yes&quot;,&quot;content_elems_position&quot;:&quot;yes&quot;}\" data-widget_type=\"thegem-team.default\">\n\t\t\t\t<div class=\"elementor-widget-container\">\n\t\t\t\r\n\t\t\t<div class=\"row gem-team gem-team-style-1\" >\r\n\r\n\t\t\t\t<div class=\"col-md-6 col-sm-6 col-xs-12 thegem-wrap inline-column\">\r\n\r\n\t<div id=\"post-1321\" class=\"team-person centered-box default-background post-1321 thegem_team_person type-thegem_team_person status-publish has-post-thumbnail\" >\r\n\r\n\t\t\t\t\t<div class=\"team-person-image\">\r\n\t\t\t\t<span><img width=\"240\" height=\"240\" src=\"https:\/\/www.alpsdentalclinic.com\/wp-content\/uploads\/2021\/03\/ALP-KOCAK-1-thegem-person-240.jpg\" class=\"img-responsive wp-post-image\" alt=\"ALP KO\u00c7AK\" srcset=\"https:\/\/www.alpsdentalclinic.com\/wp-content\/uploads\/2021\/03\/ALP-KOCAK-1-thegem-person.jpg 2x\" sizes=\"100vw\" \/><\/span>\t\t\t<\/div>\r\n\t\t\r\n\t\t<div class=\"team-person-info\">\r\n\r\n\t\t\t\t\t\t\t<div class=\"team-person-name title-h4\" >Dt. Alp Ko\u00e7ak<\/div>\t\t\t\r\n\t\t\t\r\n\t\t\t\t\t\t\t<div class=\"team-person-description\"><p class=\" translation-block\">Born in Ankara in 1971, Dt. Alp Kocak graduated from Gazi University Faculty of Dentistry in 1994. In his 28 year professional experience, he founded 4 dental clinics so far in various cities in Turkey. Currently, he is running Alp&#8217;s Dental Clinic in Antalya.<\/p>\n<\/div>\r\n\t\t\t\r\n\t\t\t\r\n\t\t\t\r\n\t\t<\/div>\r\n\r\n\t\t\r\n\t\t\r\n\t<\/div>\r\n\r\n<\/div><div class=\"col-md-6 col-sm-6 col-xs-12 thegem-wrap inline-column\">\r\n\r\n\t<div id=\"post-1323\" class=\"team-person centered-box default-background post-1323 thegem_team_person type-thegem_team_person status-publish has-post-thumbnail\" >\r\n\r\n\t\t\t\t\t<div class=\"team-person-image\">\r\n\t\t\t\t<span><img width=\"240\" height=\"240\" src=\"https:\/\/www.alpsdentalclinic.com\/wp-content\/uploads\/2021\/03\/WhatsApp-Image-2022-08-09-at-9.45.49-AM-thegem-person-240.jpeg\" class=\"img-responsive wp-post-image\" alt=\"WhatsApp Image 2022-08-09 at 9.45.49 AM\" srcset=\"https:\/\/www.alpsdentalclinic.com\/wp-content\/uploads\/2021\/03\/WhatsApp-Image-2022-08-09-at-9.45.49-AM-thegem-person.jpeg 2x\" sizes=\"100vw\" \/><\/span>\t\t\t<\/div>\r\n\t\t\r\n\t\t<div class=\"team-person-info\">\r\n\r\n\t\t\t\t\t\t\t<div class=\"team-person-name title-h4\" >Uzm. Dt. Tolgahan \u00c7ay\u0131r<\/div>\t\t\t\r\n\t\t\t\r\n\t\t\t\t\t\t\t<div class=\"team-person-description\"><p>Born in 1992 in Antalya, Dentist Tolgahan \u00c7ay\u0131r, completed the Faculty of Dentistry of Suleyman Demirel in 2008. Right after, he started his doctorate program in the Department of Oral &amp; Maxillofacial Sungery in the Faculty of Dentistry of Necmettin Erbakan University in the same year. He is working at Alp&#8217;s Dental Clinic since 2021.<\/p>\n<\/div>\r\n\t\t\t\r\n\t\t\t\r\n\t\t\t\r\n\t\t<\/div>\r\n\r\n\t\t\r\n\t\t\r\n\t<\/div>\r\n\r\n<\/div>\r\n\t\t\t<\/div>\r\n\r\n\t\t\t\t<\/div>\n\t\t\t\t<\/div>\n\t\t\t\t\t\t<\/div>\n\t\t\t<\/div>\n\t\t<\/div>\n\t\t\t\t\t\t<\/div>\n\t\t\t<\/div>\n\t\t<\/section>\n\t\t\t\t<section class=\"elementor-element elementor-element-cd6d354 elementor-section-boxed elementor-section-height-default elementor-section-height-default elementor-section elementor-top-section\" data-id=\"cd6d354\" data-element_type=\"section\">\n\t\t\t\t\t\t<div class=\"elementor-container elementor-column-gap-thegem\">\n\t\t\t\t<div class=\"elementor-row\">\n\t\t\t\t<div class=\"elementor-element elementor-element-c5f1762 elementor-column elementor-col-100 elementor-top-column\" data-id=\"c5f1762\" data-element_type=\"column\">\n\t\t\t<div class=\"elementor-column-wrap  elementor-element-populated\">\n\t\t\t\t\t<div class=\"elementor-widget-wrap\">\n\t\t\t\t<div class=\"elementor-element elementor-element-37d2f7b elementor-widget elementor-widget-heading\" data-id=\"37d2f7b\" data-element_type=\"widget\" data-widget_type=\"heading.default\">\n\t\t\t\t<div class=\"elementor-widget-container\">\n\t\t\t<h2 class=\"elementor-heading-title elementor-size-default\">MURATPASA BRANCH<\/h2>\t\t<\/div>\n\t\t\t\t<\/div>\n\t\t\t\t<div class=\"elementor-element elementor-element-bc3be88 elementor-widget elementor-widget-thegem-team\" data-id=\"bc3be88\" data-element_type=\"widget\" data-settings=\"{&quot;columns&quot;:&quot;3&quot;,&quot;content_elems_descript&quot;:&quot;yes&quot;,&quot;content_team_cat&quot;:[&quot;stc&quot;],&quot;thegem_elementor_preset&quot;:&quot;1&quot;,&quot;columns_tablet&quot;:2,&quot;columns_mobile&quot;:1,&quot;items_count&quot;:-1,&quot;content_elems_img&quot;:&quot;yes&quot;,&quot;content_elems_name&quot;:&quot;yes&quot;,&quot;content_elems_position&quot;:&quot;yes&quot;}\" data-widget_type=\"thegem-team.default\">\n\t\t\t\t<div class=\"elementor-widget-container\">\n\t\t\t\r\n\t\t\t<div class=\"row gem-team gem-team-style-1\" >\r\n\r\n\t\t\t\t<div class=\"col-md-4 col-sm-6 col-xs-12 thegem-wrap inline-column\">\r\n\r\n\t<div id=\"post-1323\" class=\"team-person centered-box default-background post-1323 thegem_team_person type-thegem_team_person status-publish has-post-thumbnail\" >\r\n\r\n\t\t\t\t\t<div class=\"team-person-image\">\r\n\t\t\t\t<span><img width=\"240\" height=\"240\" src=\"https:\/\/www.alpsdentalclinic.com\/wp-content\/uploads\/2021\/03\/WhatsApp-Image-2022-08-09-at-9.45.49-AM-thegem-person-240.jpeg\" class=\"img-responsive wp-post-image\" alt=\"WhatsApp Image 2022-08-09 at 9.45.49 AM\" srcset=\"https:\/\/www.alpsdentalclinic.com\/wp-content\/uploads\/2021\/03\/WhatsApp-Image-2022-08-09-at-9.45.49-AM-thegem-person.jpeg 2x\" sizes=\"100vw\" \/><\/span>\t\t\t<\/div>\r\n\t\t\r\n\t\t<div class=\"team-person-info\">\r\n\r\n\t\t\t\t\t\t\t<div class=\"team-person-name title-h4\" >Uzm. Dt. Tolgahan \u00c7ay\u0131r<\/div>\t\t\t\r\n\t\t\t\r\n\t\t\t\t\t\t\t<div class=\"team-person-description\"><p>Born in 1992 in Antalya, Dentist Tolgahan \u00c7ay\u0131r, completed the Faculty of Dentistry of Suleyman Demirel in 2008. Right after, he started his doctorate program in the Department of Oral &amp; Maxillofacial Sungery in the Faculty of Dentistry of Necmettin Erbakan University in the same year. He is working at Alp&#8217;s Dental Clinic since 2021.<\/p>\n<\/div>\r\n\t\t\t\r\n\t\t\t\r\n\t\t\t\r\n\t\t<\/div>\r\n\r\n\t\t\r\n\t\t\r\n\t<\/div>\r\n\r\n<\/div><div class=\"col-md-4 col-sm-6 col-xs-12 thegem-wrap inline-column\">\r\n\r\n\t<div id=\"post-1405\" class=\"team-person centered-box default-background post-1405 thegem_team_person type-thegem_team_person status-publish has-post-thumbnail\" >\r\n\r\n\t\t\t\t\t<div class=\"team-person-image\">\r\n\t\t\t\t<span><img width=\"240\" height=\"240\" src=\"https:\/\/www.alpsdentalclinic.com\/wp-content\/uploads\/2022\/08\/WhatsApp-Image-2022-08-09-at-9.45.49-AM-1-thegem-person-240.jpeg\" class=\"img-responsive wp-post-image\" alt=\"WhatsApp Image 2022-08-09 at 9.45.49 AM (1)\" srcset=\"https:\/\/www.alpsdentalclinic.com\/wp-content\/uploads\/2022\/08\/WhatsApp-Image-2022-08-09-at-9.45.49-AM-1-thegem-person.jpeg 2x\" sizes=\"100vw\" \/><\/span>\t\t\t<\/div>\r\n\t\t\r\n\t\t<div class=\"team-person-info\">\r\n\r\n\t\t\t\t\t\t\t<div class=\"team-person-name title-h4\" >Uzm. Dt. G\u00fcl\u015fah \u0130\u00e7en<\/div>\t\t\t\r\n\t\t\t\r\n\t\t\t\t\t\t\t<div class=\"team-person-description\"><p>Dt, G\u00fcl\u015fah \u0130\u00e7en graduated from Erciyes University Faculty of Dentistry in 2015. She worked as a research assistant in Akdeniz University Faculty of Dentisrty between 2019 and 2022. Meanwhile, she passed the dentistry specialization exam and completed her specialization education in Akdeniz University,\u00a0 Department of Prosthodontics (Denture).<\/p>\n<\/div>\r\n\t\t\t\r\n\t\t\t\r\n\t\t\t\r\n\t\t<\/div>\r\n\r\n\t\t\r\n\t\t\r\n\t<\/div>\r\n\r\n<\/div><div class=\"col-md-4 col-sm-6 col-xs-12 thegem-wrap inline-column\">\r\n\r\n\t<div id=\"post-1407\" class=\"team-person centered-box default-background post-1407 thegem_team_person type-thegem_team_person status-publish has-post-thumbnail\" >\r\n\r\n\t\t\t\t\t<div class=\"team-person-image\">\r\n\t\t\t\t<span><img width=\"240\" height=\"240\" src=\"https:\/\/www.alpsdentalclinic.com\/wp-content\/uploads\/2022\/08\/WhatsApp-Image-2022-08-09-at-9.45.49-AM-2-thegem-person-240.jpeg\" class=\"img-responsive wp-post-image\" alt=\"WhatsApp Image 2022-08-09 at 9.45.49 AM (2)\" srcset=\"https:\/\/www.alpsdentalclinic.com\/wp-content\/uploads\/2022\/08\/WhatsApp-Image-2022-08-09-at-9.45.49-AM-2.jpeg 2x\" sizes=\"100vw\" \/><\/span>\t\t\t<\/div>\r\n\t\t\r\n\t\t<div class=\"team-person-info\">\r\n\r\n\t\t\t\t\t\t\t<div class=\"team-person-name title-h4\" >Dt. \u00dclk\u00fc P\u0131nar K\u00f6ksal Kaplan<\/div>\t\t\t\r\n\t\t\t\r\n\t\t\t\t\t\t\t<div class=\"team-person-description\"><p>Dt \u00dclk\u00fc Kaplan was born on 1983 in Ankara. She entered Hacettepe University Faculty of Dentistry in 2002 and graduated in 2007. She worked in Ankara Information Medical Center and moved to Antalya in 2011. In her 15 years professional career, she worked in various clinics in Antalya such as Prestij Dental Clinic, Serik Public Hospital, Antalya Oral and Dental Health Hospital and currently in Alp&#8217;s Dental Clinic.<\/p>\n<\/div>\r\n\t\t\t\r\n\t\t\t\r\n\t\t\t\r\n\t\t<\/div>\r\n\r\n\t\t\r\n\t\t\r\n\t<\/div>\r\n\r\n<\/div>\r\n\t\t\t<\/div>\r\n\r\n\t\t\t\t<\/div>\n\t\t\t\t<\/div>\n\t\t\t\t\t\t<\/div>\n\t\t\t<\/div>\n\t\t<\/div>\n\t\t\t\t\t\t<\/div>\n\t\t\t<\/div>\n\t\t<\/section>\n\t\t\t\t\t\t<\/div>\n\t\t\t<\/div>\n\t\t<\/div>\n\t\t","protected":false},"excerpt":{"rendered":"<p>MAIN BRANCH Dt. Alp Ko\u00e7ak Born in Ankara in 1971, Dt. Alp Kocak graduated from Gazi University Faculty of Dentistry&#8230;<\/p>\n","protected":false},"author":1,"featured_media":0,"parent":0,"menu_order":0,"comment_status":"closed","ping_status":"closed","template":"page-fullwidth.php","meta":[],"_links":{"self":[{"href":"https:\/\/www.alpsdentalclinic.com\/index.php\/wp-json\/wp\/v2\/pages\/1102"}],"collection":[{"href":"https:\/\/www.alpsdentalclinic.com\/index.php\/wp-json\/wp\/v2\/pages"}],"about":[{"href":"https:\/\/www.alpsdentalclinic.com\/index.php\/wp-json\/wp\/v2\/types\/page"}],"author":[{"embeddable":true,"href":"https:\/\/www.alpsdentalclinic.com\/index.php\/wp-json\/wp\/v2\/users\/1"}],"replies":[{"embeddable":true,"href":"https:\/\/www.alpsdentalclinic.com\/index.php\/wp-json\/wp\/v2\/comments?post=1102"}],"version-history":[{"count":4,"href":"https:\/\/www.alpsdentalclinic.com\/index.php\/wp-json\/wp\/v2\/pages\/1102\/revisions"}],"predecessor-version":[{"id":1414,"href":"https:\/\/www.alpsdentalclinic.com\/index.php\/wp-json\/wp\/v2\/pages\/1102\/revisions\/1414"}],"wp:attachment":[{"href":"https:\/\/www.alpsdentalclinic.com\/index.php\/wp-json\/wp\/v2\/media?parent=1102"}],"curies":[{"name":"wp","href":"https:\/\/api.w.org\/{rel}","templated":true}]}}