{"id":361,"date":"2018-12-11T07:36:31","date_gmt":"2018-12-11T07:36:31","guid":{"rendered":"https:\/\/democontent.codex-themes.com\/sites-elementor\/medical-center\/?page_id=361"},"modified":"2020-11-19T08:02:36","modified_gmt":"2020-11-19T08:02:36","slug":"timetable","status":"publish","type":"page","link":"https:\/\/www.alpsdentalclinic.com\/index.php\/timetable\/","title":{"rendered":"Antalya"},"content":{"rendered":"\t\t<div data-elementor-type=\"wp-page\" data-elementor-id=\"361\" class=\"elementor elementor-361\" data-elementor-settings=\"[]\">\n\t\t\t<div class=\"elementor-inner\">\n\t\t\t\t<div class=\"elementor-section-wrap\">\n\t\t\t\t\t\t\t<section class=\"elementor-element elementor-element-2dcd819 elementor-section-full_width elementor-section-height-default elementor-section-height-default elementor-section elementor-top-section\" data-id=\"2dcd819\" data-element_type=\"section\">\n\t\t\t\t\t\t<div class=\"elementor-container elementor-column-gap-thegem\">\n\t\t\t\t<div class=\"elementor-row\">\n\t\t\t\t<div class=\"elementor-element elementor-element-caa8c7e elementor-column elementor-col-50 elementor-top-column\" data-id=\"caa8c7e\" data-element_type=\"column\">\n\t\t\t<div class=\"elementor-column-wrap  elementor-element-populated\">\n\t\t\t\t\t<div class=\"elementor-widget-wrap\">\n\t\t\t\t<div class=\"elementor-element elementor-element-5f91b45 elementor-widget elementor-widget-heading\" data-id=\"5f91b45\" data-element_type=\"widget\" data-widget_type=\"heading.default\">\n\t\t\t\t<div class=\"elementor-widget-container\">\n\t\t\t<h2 class=\"elementor-heading-title elementor-size-medium\">antalya<\/h2>\t\t<\/div>\n\t\t\t\t<\/div>\n\t\t\t\t<div class=\"elementor-element elementor-element-6dc77e7 elementor-widget elementor-widget-text-editor\" data-id=\"6dc77e7\" data-element_type=\"widget\" data-widget_type=\"text-editor.default\">\n\t\t\t\t<div class=\"elementor-widget-container\">\n\t\t\t\t\t<div class=\"elementor-text-editor elementor-clearfix\"><p>81 vilayet aras\u0131nda &#8221;G\u00fcney&#8217;in \u0130ncisi&#8221; olarak an\u0131lan Antalya, T\u00fcrkiye&#8217;nin bir ili ve en kalabal\u0131k be\u015finci \u015fehridir. Antalya T\u00fcrkiye&#8217;nin &#8220;turizm ba\u015fkenti&#8221; olarak g\u00f6r\u00fclmekte ve bu alanda faaliyetlerine yo\u011fun bir \u015fekilde devam etmektedir. Co\u011frafi konumunu ele ald\u0131\u011f\u0131m\u0131zda ise tamam\u0131 Akdeniz B\u00f6lgesi&#8217;nin bat\u0131s\u0131nda yer alan ve Antalya K\u00f6rfezi&#8217;yle Bat\u0131 Toroslar\u0131n aras\u0131nda kurulan Antalya, y\u00fcz\u00f6l\u00e7\u00fcm\u00fc bak\u0131m\u0131ndan T\u00fcrkiye&#8217;nin en b\u00fcy\u00fck be\u015finci ilidir.<\/p><p><br \/>Antalya&#8217;da ekonomi b\u00fcy\u00fck oranda ticaret, tar\u0131m ve turizme dayal\u0131d\u0131r. T\u00fcrk turizminde \u0130stanbul ile birlikte en \u00e7ok turist \u00e7eken Antalya y\u0131l\u0131n her d\u00f6neminde turizm olanaklar\u0131n\u0131n ve tesislerin yo\u011fun oldu\u011fu bir b\u00f6lge olsa da, yaz aylar\u0131nda tam kapasite doluluk oran\u0131 ile hizmet vermektedir.<\/p><p>Antalya&#8217;da sa\u011fl\u0131k ve k\u00fclt\u00fcr turizmi ba\u015fta olmak \u00fczere deniz, spor, k\u0131\u015f, kongre, yayla, ma\u011fara, kamp ve inan\u00e7 turizmi yap\u0131labilmekte bu turizm se\u00e7enekleri i\u00e7in olduk\u00e7a \u00e7e\u015fitli say\u0131da alan ve tesis bulunmaktad\u0131r.<br \/><br \/><br \/><\/p><\/div>\n\t\t\t\t<\/div>\n\t\t\t\t<\/div>\n\t\t\t\t\t\t<\/div>\n\t\t\t<\/div>\n\t\t<\/div>\n\t\t\t\t<div class=\"elementor-element elementor-element-981596f elementor-column elementor-col-50 elementor-top-column\" data-id=\"981596f\" data-element_type=\"column\">\n\t\t\t<div class=\"elementor-column-wrap  elementor-element-populated\">\n\t\t\t\t\t<div class=\"elementor-widget-wrap\">\n\t\t\t\t<div class=\"elementor-element elementor-element-55cf0c4 elementor-widget elementor-widget-image\" data-id=\"55cf0c4\" data-element_type=\"widget\" data-widget_type=\"image.default\">\n\t\t\t\t<div class=\"elementor-widget-container\">\n\t\t\t\t\t<div class=\"elementor-image\">\n\t\t\t\t\t\t\t\t\t\t<img src=\"https:\/\/www.alpsdentalclinic.com\/wp-content\/uploads\/elementor\/thumbs\/1585566476782020-oymwzp27i5b09wywnb4jz0cd59aoiajyi9g35692p4.jpg\" title=\"1585566476782020\" alt=\"1585566476782020\" \/>\t\t\t\t\t\t\t\t\t\t\t<\/div>\n\t\t\t\t<\/div>\n\t\t\t\t<\/div>\n\t\t\t\t\t\t<\/div>\n\t\t\t<\/div>\n\t\t<\/div>\n\t\t\t\t\t\t<\/div>\n\t\t\t<\/div>\n\t\t<\/section>\n\t\t\t\t<section class=\"elementor-element elementor-element-bcbab0d elementor-section-full_width elementor-section-height-default elementor-section-height-default elementor-section elementor-top-section\" data-id=\"bcbab0d\" data-element_type=\"section\">\n\t\t\t\t\t\t<div class=\"elementor-container elementor-column-gap-thegem\">\n\t\t\t\t<div class=\"elementor-row\">\n\t\t\t\t<div class=\"elementor-element elementor-element-29ebde1 elementor-column elementor-col-33 elementor-top-column\" data-id=\"29ebde1\" data-element_type=\"column\">\n\t\t\t<div class=\"elementor-column-wrap  elementor-element-populated\">\n\t\t\t\t\t<div class=\"elementor-widget-wrap\">\n\t\t\t\t<div class=\"elementor-element elementor-element-8efd0ae elementor-widget elementor-widget-image\" data-id=\"8efd0ae\" data-element_type=\"widget\" data-widget_type=\"image.default\">\n\t\t\t\t<div class=\"elementor-widget-container\">\n\t\t\t\t\t<div class=\"elementor-image\">\n\t\t\t\t\t\t\t\t\t\t<img width=\"683\" height=\"1024\" src=\"https:\/\/www.alpsdentalclinic.com\/wp-content\/uploads\/2020\/11\/pexels-oguzhan-coban-4173548-683x1024.jpg\" class=\"attachment-large size-large\" alt=\"\" srcset=\"https:\/\/www.alpsdentalclinic.com\/wp-content\/uploads\/2020\/11\/pexels-oguzhan-coban-4173548-683x1024.jpg 683w, https:\/\/www.alpsdentalclinic.com\/wp-content\/uploads\/2020\/11\/pexels-oguzhan-coban-4173548-200x300.jpg 200w, https:\/\/www.alpsdentalclinic.com\/wp-content\/uploads\/2020\/11\/pexels-oguzhan-coban-4173548-768x1152.jpg 768w, https:\/\/www.alpsdentalclinic.com\/wp-content\/uploads\/2020\/11\/pexels-oguzhan-coban-4173548-1024x1536.jpg 1024w, https:\/\/www.alpsdentalclinic.com\/wp-content\/uploads\/2020\/11\/pexels-oguzhan-coban-4173548-1365x2048.jpg 1365w, https:\/\/www.alpsdentalclinic.com\/wp-content\/uploads\/2020\/11\/pexels-oguzhan-coban-4173548-scaled.jpg 1707w\" sizes=\"(max-width: 683px) 100vw, 683px\" \/>\t\t\t\t\t\t\t\t\t\t\t<\/div>\n\t\t\t\t<\/div>\n\t\t\t\t<\/div>\n\t\t\t\t\t\t<\/div>\n\t\t\t<\/div>\n\t\t<\/div>\n\t\t\t\t<div class=\"elementor-element elementor-element-c71e3ea elementor-column elementor-col-66 elementor-top-column\" data-id=\"c71e3ea\" data-element_type=\"column\">\n\t\t\t<div class=\"elementor-column-wrap  elementor-element-populated\">\n\t\t\t\t\t<div class=\"elementor-widget-wrap\">\n\t\t\t\t<div class=\"elementor-element elementor-element-d18a547 elementor-widget elementor-widget-heading\" data-id=\"d18a547\" data-element_type=\"widget\" data-widget_type=\"heading.default\">\n\t\t\t\t<div class=\"elementor-widget-container\">\n\t\t\t<h2 class=\"elementor-heading-title elementor-size-medium\">\u015eehir Hayat\u0131<\/h2>\t\t<\/div>\n\t\t\t\t<\/div>\n\t\t\t\t<div class=\"elementor-element elementor-element-a5735b6 elementor-widget elementor-widget-text-editor\" data-id=\"a5735b6\" data-element_type=\"widget\" data-widget_type=\"text-editor.default\">\n\t\t\t\t<div class=\"elementor-widget-container\">\n\t\t\t\t\t<div class=\"elementor-text-editor elementor-clearfix\"><p>Hareketli, her zevke ve renge varolma imkan\u0131 sunan \u015fehir hayat\u0131n\u0131n yan\u0131nda Antalya&#8217;y\u0131 sevmemizin ba\u015fka bir\u00e7ok nedeni var. En zor g\u00fcnlerimizde i\u00e7imizi \u0131s\u0131tan o parlak g\u00fcne\u015fi, hayat\u0131 iyi ve k\u00f6t\u00fc her \u015feyiyle deneyimlerken, tela\u015f\u0131m\u0131z\u0131n i\u00e7inde farketmedi\u011fimiz, k\u0131rm\u0131z\u0131 \u0131\u015f\u0131kta kar\u015f\u0131ya ge\u00e7meyi beklerken bile tarihi bir s\u00fctunun \u00f6n\u00fcnde bekledi\u011fimiz bir \u015fehir buras\u0131. Bizlere bakt\u0131k\u00e7a ilham veren, insan hayat\u0131n\u0131n, insanl\u0131\u011f\u0131n, d\u00fcnyan\u0131n bizlerden ve buradan ibaret olmay\u0131\u015f\u0131n\u0131n verdi\u011fi ilham verici ve nihayetinde rahatlat\u0131c\u0131 hisleriyle bizi kucaklayan \u015fehir, Antalya&#8230;<\/p><p><strong>\u00a0<\/strong>Bir hikayeye g\u00f6re Helenistik d\u00f6nemde h\u00fck\u00fcm s\u00fcrm\u00fc\u015f olan Bergama Kral\u0131 II. Attalos (M\u00d6 159-138), emrindeki askerlere &#8220;Gidin ve bana yery\u00fcz\u00fcndeki cenneti bulun&#8221; der. Askerlerin yapt\u0131\u011f\u0131 ke\u015ffin ard\u0131ndan g\u00f6sterdikleri yer ise bug\u00fcnk\u00fc Antalya\u2019d\u0131r. Bu fikri be\u011fenen II. Attalos, b\u00f6lgenin stratejik \u00f6nemini de dikkate alarak buraya \u00e7ok \u00e7e\u015fitli ticari faaliyetleri bar\u0131nd\u0131r\u0131labilecek bir liman \u015fehri kurdurur ve o tarihten sonra bu kent, kurucusu Attalos&#8217;un ad\u0131na ithafen &#8220;Ataleia&#8221; olarak adland\u0131r\u0131l\u0131r. \u015eehrin ad\u0131 eski Arap kaynaklar\u0131nda &#8220;Antaliye&#8221; olarak ge\u00e7erken, T\u00fcrk kaynaklar\u0131nda \u00a0bu isim &#8220;Adalya&#8221; \u2018d\u0131r. Bug\u00fcn kulland\u0131\u011f\u0131m\u0131z \u2018\u2019Antalya\u2019\u2019 ad\u0131 ise 20. y\u00fczy\u0131l\u0131n ilk \u00e7eyre\u011finden itibaren kullan\u0131lmaya ba\u015flanm\u0131\u015ft\u0131r.<\/p><p>\u0130\u015f hayat\u0131na burada devam etmek durumunda kalan yeti\u015fkinlerin, e\u011fitim hayat\u0131n\u0131n belli bir b\u00f6l\u00fcm\u00fcn\u00fc ge\u00e7irmek \u00fczere buraya gelen binlerce \u00f6\u011frencinin, emeklili\u011finin hayalini \u00fclkemizin veya d\u00fcnyan\u0131n bamba\u015fka \u015fehirlerine erteleyen ya\u015fl\u0131lar\u0131m\u0131z\u0131n y\u0131llar ge\u00e7se de buradan ayr\u0131lamamas\u0131n\u0131n pek \u00e7ok nedeni var. \u00d6\u011frenci, kad\u0131n, engelli, turist, bisiklet, sokak hayvanlar\u0131, d\u00fcnyan\u0131n ba\u015fka \u015fehirlerinde itilen \u00f6tekile\u015ftirilen herkesin dostu olan s\u0131cac\u0131k bir kentten bahsediyoruz. Sizi temin ederiz, burada i\u00e7imizi \u0131s\u0131tan \u015fey d\u00fcnyam\u0131z\u0131n hayat kayna\u011f\u0131 olan g\u00fcne\u015ften \u00e7ok daha fazlas\u0131.<\/p><\/div>\n\t\t\t\t<\/div>\n\t\t\t\t<\/div>\n\t\t\t\t\t\t<\/div>\n\t\t\t<\/div>\n\t\t<\/div>\n\t\t\t\t\t\t<\/div>\n\t\t\t<\/div>\n\t\t<\/section>\n\t\t\t\t<section class=\"elementor-element elementor-element-d751efa elementor-section-full_width elementor-section-height-default elementor-section-height-default elementor-section elementor-top-section\" data-id=\"d751efa\" data-element_type=\"section\">\n\t\t\t\t\t\t<div class=\"elementor-container elementor-column-gap-thegem\">\n\t\t\t\t<div class=\"elementor-row\">\n\t\t\t\t<div class=\"elementor-element elementor-element-1f12f6f elementor-column elementor-col-50 elementor-top-column\" data-id=\"1f12f6f\" data-element_type=\"column\">\n\t\t\t<div class=\"elementor-column-wrap  elementor-element-populated\">\n\t\t\t\t\t<div class=\"elementor-widget-wrap\">\n\t\t\t\t<div class=\"elementor-element elementor-element-a5f19f0 elementor-widget elementor-widget-heading\" data-id=\"a5f19f0\" data-element_type=\"widget\" data-widget_type=\"heading.default\">\n\t\t\t\t<div class=\"elementor-widget-container\">\n\t\t\t<h2 class=\"elementor-heading-title elementor-size-medium\">Turizm<\/h2>\t\t<\/div>\n\t\t\t\t<\/div>\n\t\t\t\t<div class=\"elementor-element elementor-element-cbf4f07 elementor-widget elementor-widget-text-editor\" data-id=\"cbf4f07\" data-element_type=\"widget\" data-widget_type=\"text-editor.default\">\n\t\t\t\t<div class=\"elementor-widget-container\">\n\t\t\t\t\t<div class=\"elementor-text-editor elementor-clearfix\"><p>Antalya\u2019n\u0131n co\u011frafi ve k\u00fclt\u00fcrel olarak kapsad\u0131\u011f\u0131 b\u00f6lge tarih \u00f6ncesi \u00e7a\u011flardan g\u00fcn\u00fcm\u00fcze kadar pek \u00e7ok medeniyete ev sahipli\u011fi yapm\u0131\u015ft\u0131r ve bu \u00f6zelli\u011finin getirdi\u011fi bir di\u011fer art\u0131 olarak Antalya T\u00fcrkiye&#8217;de en \u00e7ok antik kent bulunan ildir. <br \/>S\u0131ras\u0131yla Likyal\u0131lar, Lidyal\u0131lar, Pamfilyal\u0131lar, Bergamal\u0131lar, Romal\u0131lar, Bizansl\u0131lar, Sel\u00e7uklular, Osmanl\u0131lar ve son olarak da T\u00fcrkiye Cumhuriyeti&#8217;ne ev sahipli\u011fi yapan Antalya tarihin her d\u00f6neminde yerle\u015fim d\u00fczeni, \u015fehirle\u015fme ve ekonomik olarak \u00fczerine bulunan medeniyetlere say\u0131s\u0131z olanak sunmu\u015ftur.<\/p><p>Bu sevdi\u011fimiz \u015fehirde say\u0131s\u0131z arkeolojik alan vard\u0131r. Buralarda ortaya \u00e7\u0131kar\u0131lm\u0131\u015f k\u0131ymetli eserlerden baz\u0131lar\u0131 Antalya M\u00fczesi&#8217;nde sergilenmekte, tarihi yap\u0131 ve kaz\u0131larda ke\u015ffedilmi\u015f eski yerle\u015fim yerleri ise y\u0131l\u0131n her d\u00f6neminde ziyarete a\u00e7\u0131k tutulmaktad\u0131r.<br \/><br \/><br \/><\/p><\/div>\n\t\t\t\t<\/div>\n\t\t\t\t<\/div>\n\t\t\t\t\t\t<\/div>\n\t\t\t<\/div>\n\t\t<\/div>\n\t\t\t\t<div class=\"elementor-element elementor-element-eed6064 elementor-column elementor-col-50 elementor-top-column\" data-id=\"eed6064\" data-element_type=\"column\">\n\t\t\t<div class=\"elementor-column-wrap  elementor-element-populated\">\n\t\t\t\t\t<div class=\"elementor-widget-wrap\">\n\t\t\t\t<div class=\"elementor-element elementor-element-b47bffb elementor-widget elementor-widget-image\" data-id=\"b47bffb\" data-element_type=\"widget\" data-widget_type=\"image.default\">\n\t\t\t\t<div class=\"elementor-widget-container\">\n\t\t\t\t\t<div class=\"elementor-image\">\n\t\t\t\t\t\t\t\t\t\t<img width=\"1024\" height=\"683\" src=\"https:\/\/www.alpsdentalclinic.com\/wp-content\/uploads\/2020\/11\/18114083-1024x683.jpg\" class=\"attachment-large size-large\" alt=\"\" srcset=\"https:\/\/www.alpsdentalclinic.com\/wp-content\/uploads\/2020\/11\/18114083-1024x683.jpg 1024w, https:\/\/www.alpsdentalclinic.com\/wp-content\/uploads\/2020\/11\/18114083-300x200.jpg 300w, https:\/\/www.alpsdentalclinic.com\/wp-content\/uploads\/2020\/11\/18114083-768x513.jpg 768w, https:\/\/www.alpsdentalclinic.com\/wp-content\/uploads\/2020\/11\/18114083-1536x1025.jpg 1536w, https:\/\/www.alpsdentalclinic.com\/wp-content\/uploads\/2020\/11\/18114083-2048x1367.jpg 2048w\" sizes=\"(max-width: 1024px) 100vw, 1024px\" \/>\t\t\t\t\t\t\t\t\t\t\t<\/div>\n\t\t\t\t<\/div>\n\t\t\t\t<\/div>\n\t\t\t\t\t\t<\/div>\n\t\t\t<\/div>\n\t\t<\/div>\n\t\t\t\t\t\t<\/div>\n\t\t\t<\/div>\n\t\t<\/section>\n\t\t\t\t<section class=\"elementor-element elementor-element-e910fa3 elementor-section-boxed elementor-section-height-default elementor-section-height-default elementor-section elementor-top-section\" data-id=\"e910fa3\" data-element_type=\"section\">\n\t\t\t\t\t\t<div class=\"elementor-container elementor-column-gap-thegem\">\n\t\t\t\t<div class=\"elementor-row\">\n\t\t\t\t<div class=\"elementor-element elementor-element-27709e3 elementor-column elementor-col-50 elementor-top-column\" data-id=\"27709e3\" data-element_type=\"column\">\n\t\t\t<div class=\"elementor-column-wrap\">\n\t\t\t\t\t<div class=\"elementor-widget-wrap\">\n\t\t\t\t\t\t<\/div>\n\t\t\t<\/div>\n\t\t<\/div>\n\t\t\t\t<div class=\"elementor-element elementor-element-bccb8cb elementor-column elementor-col-50 elementor-top-column\" data-id=\"bccb8cb\" data-element_type=\"column\">\n\t\t\t<div class=\"elementor-column-wrap\">\n\t\t\t\t\t<div class=\"elementor-widget-wrap\">\n\t\t\t\t\t\t<\/div>\n\t\t\t<\/div>\n\t\t<\/div>\n\t\t\t\t\t\t<\/div>\n\t\t\t<\/div>\n\t\t<\/section>\n\t\t\t\t<section class=\"elementor-element elementor-element-c17d690 elementor-section-boxed elementor-section-height-default elementor-section-height-default elementor-section elementor-top-section\" data-id=\"c17d690\" data-element_type=\"section\">\n\t\t\t\t\t\t<div class=\"elementor-container elementor-column-gap-thegem\">\n\t\t\t\t<div class=\"elementor-row\">\n\t\t\t\t<div class=\"elementor-element elementor-element-a7da4fb elementor-column elementor-col-50 elementor-top-column\" data-id=\"a7da4fb\" data-element_type=\"column\">\n\t\t\t<div class=\"elementor-column-wrap\">\n\t\t\t\t\t<div class=\"elementor-widget-wrap\">\n\t\t\t\t\t\t<\/div>\n\t\t\t<\/div>\n\t\t<\/div>\n\t\t\t\t<div class=\"elementor-element elementor-element-e14bed0 elementor-column elementor-col-50 elementor-top-column\" data-id=\"e14bed0\" data-element_type=\"column\">\n\t\t\t<div class=\"elementor-column-wrap\">\n\t\t\t\t\t<div class=\"elementor-widget-wrap\">\n\t\t\t\t\t\t<\/div>\n\t\t\t<\/div>\n\t\t<\/div>\n\t\t\t\t\t\t<\/div>\n\t\t\t<\/div>\n\t\t<\/section>\n\t\t\t\t\t\t<\/div>\n\t\t\t<\/div>\n\t\t<\/div>\n\t\t","protected":false},"excerpt":{"rendered":"<p>antalya 81 vilayet aras\u0131nda &#8221;G\u00fcney&#8217;in \u0130ncisi&#8221; olarak an\u0131lan Antalya, T\u00fcrkiye&#8217;nin bir ili ve en kalabal\u0131k be\u015finci \u015fehridir. Antalya T\u00fcrkiye&#8217;nin &#8220;turizm&#8230;<\/p>\n","protected":false},"author":1,"featured_media":0,"parent":0,"menu_order":0,"comment_status":"closed","ping_status":"closed","template":"page-fullwidth.php","meta":[],"_links":{"self":[{"href":"https:\/\/www.alpsdentalclinic.com\/index.php\/wp-json\/wp\/v2\/pages\/361"}],"collection":[{"href":"https:\/\/www.alpsdentalclinic.com\/index.php\/wp-json\/wp\/v2\/pages"}],"about":[{"href":"https:\/\/www.alpsdentalclinic.com\/index.php\/wp-json\/wp\/v2\/types\/page"}],"author":[{"embeddable":true,"href":"https:\/\/www.alpsdentalclinic.com\/index.php\/wp-json\/wp\/v2\/users\/1"}],"replies":[{"embeddable":true,"href":"https:\/\/www.alpsdentalclinic.com\/index.php\/wp-json\/wp\/v2\/comments?post=361"}],"version-history":[{"count":7,"href":"https:\/\/www.alpsdentalclinic.com\/index.php\/wp-json\/wp\/v2\/pages\/361\/revisions"}],"predecessor-version":[{"id":1147,"href":"https:\/\/www.alpsdentalclinic.com\/index.php\/wp-json\/wp\/v2\/pages\/361\/revisions\/1147"}],"wp:attachment":[{"href":"https:\/\/www.alpsdentalclinic.com\/index.php\/wp-json\/wp\/v2\/media?parent=361"}],"curies":[{"name":"wp","href":"https:\/\/api.w.org\/{rel}","templated":true}]}}